{"id":3567,"date":"2015-10-12T17:04:48","date_gmt":"2015-10-12T15:04:48","guid":{"rendered":"http:\/\/www.floxea.com\/?page_id=3567"},"modified":"2015-11-10T19:02:42","modified_gmt":"2015-11-10T18:02:42","slug":"il-ph-naturale-della-pelle","status":"publish","type":"page","link":"http:\/\/www.floxea.com\/index.php\/il-ph-naturale-della-pelle\/","title":{"rendered":"Il Ph naturale della pelle"},"content":{"rendered":"<section class=\"wpb-content-wrapper\">[vc_row type=&#8221;full_width_background&#8221; bg_image=&#8221;3964&#8243; bg_position=&#8221;center center&#8221; bg_repeat=&#8221;no-repeat&#8221; scene_position=&#8221;center&#8221; layer_one_image=&#8221;2518&#8243; layer_four_image=&#8221;2655&#8243; text_color=&#8221;light&#8221; text_align=&#8221;center&#8221; top_padding=&#8221;0&#8243; bottom_padding=&#8221;350&#8243;][vc_column column_padding=&#8221;no-extra-padding&#8221; column_padding_position=&#8221;all&#8221; background_color_opacity=&#8221;1&#8243; background_hover_color_opacity=&#8221;1&#8243; width=&#8221;1\/1&#8243;][\/vc_column][\/vc_row][vc_row type=&#8221;in_container&#8221; scene_position=&#8221;center&#8221; text_color=&#8221;dark&#8221; text_align=&#8221;left&#8221; top_padding=&#8221;40&#8243; bottom_padding=&#8221;40&#8243;][vc_column column_padding=&#8221;no-extra-padding&#8221; column_padding_position=&#8221;all&#8221; background_color_opacity=&#8221;1&#8243; background_hover_color_opacity=&#8221;1&#8243; width=&#8221;1\/1&#8243;][vc_column_text]<span style=\"font-size: 18pt; color: #63828c;\"><strong>Il Ph vaginale<\/strong><\/span><\/p>\n<p><strong>Il pH \u00e8 una scala di misura dell&#8217;<\/strong><strong>acidit\u00e0<\/strong><strong>\u00a0<\/strong><strong>o dell&#8217;alcalinit\u00e0 di una soluzione, <\/strong>misura la concentrazione di molecole di Idrogeno (H) nei composti organici.<\/p>\n<p><strong>\u00a0<img decoding=\"async\" loading=\"lazy\" class=\"alignnone size-full wp-image-3873\" src=\"http:\/\/www.floxea.com\/wp-content\/uploads\/grafico-PH1.gif\" alt=\"grafico-PH\" width=\"642\" height=\"115\" \/><\/strong>[\/vc_column_text][vc_row_inner][vc_column_inner column_padding=&#8221;no-extra-padding&#8221; column_padding_position=&#8221;all&#8221; background_color_opacity=&#8221;1&#8243; width=&#8221;2\/3&#8243;][vc_column_text]L\u2019acidit\u00e0 del pH della pelle \u00e8 legata alla presenza del film idrolipidico ed alla pluralit\u00e0 dei processi biochimici che avvengono nella\u00a0cute.<\/p>\n<p>Il pH vaginale \u00e8 generalmente acido con valori ottimali compresi fra il 3.5 e 5.5. Rappresenta il pi\u00f9 potente mezzo di autodifesa del delicato equilibrio intimo: un pH acido garantisce il giusto bilanciamento tra i batteri presenti nell\u2019ecosistema, impedendo la proliferazione di virus o funghi patogeni.[\/vc_column_text][vc_column_text]<img decoding=\"async\" loading=\"lazy\" class=\"alignnone size-full wp-image-3924\" src=\"http:\/\/www.floxea.com\/wp-content\/uploads\/grafico-infezioniPH.gif\" alt=\"grafico-infezioniPH\" width=\"600\" height=\"200\" \/><\/p>\n<p>L\u2019acidit\u00e0 dell\u2019ambiente vaginale \u00e8 garantita dall\u2019attivit\u00e0 dei\u00a0<strong>bacilli di Doderlein<\/strong>,\u00a0che scindono il glicogeno presente nelle mucose in acido lattico.<\/p>\n<p>Poich\u00e9 la quantit\u00e0 di glicogeno \u00e8 modulata dagli estrogeni, il pH vaginale varia coerentemente con le variazioni ormonali tipiche della ciclo di vita della donna.<\/p>\n<p>Questi mutamenti ormonali sconvolgono l\u2019equilibrio del pH della zona intima, che spesso porta all\u2019indebolimento dello strato protettivo acido della vagina, e lo rende pi\u00f9 suscettibile alle irritazioni e infezioni.[\/vc_column_text][\/vc_column_inner][vc_column_inner column_padding=&#8221;no-extra-padding&#8221; column_padding_position=&#8221;all&#8221; background_color_opacity=&#8221;1&#8243; width=&#8221;1\/3&#8243;][\/vc_column_inner][\/vc_row_inner][\/vc_column][\/vc_row][vc_row type=&#8221;in_container&#8221; scene_position=&#8221;center&#8221; text_color=&#8221;dark&#8221; text_align=&#8221;left&#8221;][vc_column column_padding=&#8221;no-extra-padding&#8221; column_padding_position=&#8221;all&#8221; background_color_opacity=&#8221;1&#8243; background_hover_color_opacity=&#8221;1&#8243; width=&#8221;1\/1&#8243;][vc_column_text css=&#8221;.vc_custom_1444832971410{padding-bottom: 20px !important;}&#8221;]<span style=\"font-size: 18pt; color: #63828c;\"><strong>Il Ph vaginale nel ciclo della vita<\/strong><\/span>[\/vc_column_text][vc_row_inner][vc_column_inner column_padding=&#8221;no-extra-padding&#8221; column_padding_position=&#8221;all&#8221; background_color_opacity=&#8221;1&#8243; width=&#8221;2\/3&#8243;][vc_column_text css=&#8221;.vc_custom_1445772891700{padding-right: 20px !important;}&#8221;]\n<table>\n<tbody>\n<tr style=\"background-color: #f0f3f5;\">\n<td valign=\"bottom\"><\/td>\n<td style=\"text-align: center;\" valign=\"bottom\" width=\"18%\"><img decoding=\"async\" loading=\"lazy\" class=\"alignnone size-full wp-image-3709\" src=\"http:\/\/www.floxea.com\/wp-content\/uploads\/icona-baby1.gif\" alt=\"icona-baby\" width=\"60\" height=\"54\" \/><\/td>\n<td style=\"text-align: center;\" valign=\"bottom\" width=\"16%\"><span style=\"color: #e854a1;\"> <img decoding=\"async\" loading=\"lazy\" class=\"alignnone wp-image-3691\" src=\"http:\/\/www.floxea.com\/wp-content\/uploads\/icona-bimba.gif\" alt=\"icona-bimba\" width=\"60\" height=\"71\" \/><\/span><\/td>\n<td style=\"text-align: center;\" valign=\"bottom\" width=\"16%\"><span style=\"color: #e854a1;\"> <img decoding=\"async\" loading=\"lazy\" class=\"alignnone wp-image-3690\" src=\"http:\/\/www.floxea.com\/wp-content\/uploads\/icona-mestruazioni.gif\" alt=\"icona-mestruazioni\" width=\"60\" height=\"71\" \/><\/span><\/td>\n<td style=\"text-align: center;\" valign=\"bottom\" width=\"16%\"><span style=\"color: #e854a1;\"> <img decoding=\"async\" loading=\"lazy\" class=\"alignnone wp-image-3688\" src=\"http:\/\/www.floxea.com\/wp-content\/uploads\/icona-gravidanza.gif\" alt=\"icona-gravidanza\" width=\"60\" height=\"71\" \/><\/span><\/td>\n<td style=\"text-align: center;\" valign=\"bottom\" width=\"16%\"><img decoding=\"async\" loading=\"lazy\" class=\"alignnone size-full wp-image-3714\" src=\"http:\/\/www.floxea.com\/wp-content\/uploads\/icona-menopausa.gif\" alt=\"icona-menopausa\" width=\"60\" height=\"71\" \/><\/td>\n<\/tr>\n<tr style=\"background-color: #f0f3f5;\">\n<td valign=\"bottom\"><\/td>\n<td style=\"text-align: center;\" valign=\"bottom\"><strong><span style=\"color: #e854a1;\">Nascita<\/span><\/strong><\/td>\n<td style=\"text-align: center;\" valign=\"bottom\"><strong><span style=\"color: #e854a1;\">Menarca e pubert\u00e0<\/span><\/strong><\/td>\n<td style=\"text-align: center;\" valign=\"bottom\"><strong><span style=\"color: #e854a1;\">Mestruazioni<\/span><\/strong><\/td>\n<td style=\"text-align: center;\" valign=\"bottom\"><strong><span style=\"color: #e854a1;\">Gravidanza<\/span><\/strong><\/td>\n<td style=\"text-align: center;\" valign=\"bottom\"><strong><span style=\"color: #e854a1;\">Menopausa<\/span><\/strong><\/td>\n<\/tr>\n<tr style=\"background-color: #e4e8ea;\">\n<td><span style=\"color: #537790;\"><strong>Ormoni<\/strong><\/span><\/td>\n<td style=\"text-align: center;\" width=\"18%\">0<\/td>\n<td style=\"text-align: center;\">Instabili<\/td>\n<td style=\"text-align: center;\">\u00a0Cambiano<\/td>\n<td style=\"text-align: center;\">Cambiano<\/td>\n<td style=\"text-align: center;\">Diminuzione<\/td>\n<\/tr>\n<tr style=\"background-color: #f0f3f5;\">\n<td><span style=\"color: #537790;\"><strong><span style=\"text-align: center;\">Lattobacilli<\/span><\/strong><\/span><\/td>\n<td style=\"text-align: center;\" width=\"18%\">0<\/td>\n<td style=\"text-align: center;\">Prime comparse<\/td>\n<td style=\"text-align: center;\">Instabili<\/td>\n<td style=\"text-align: center;\">Instabili<\/td>\n<td style=\"text-align: center;\">Diminuzione<\/td>\n<\/tr>\n<tr style=\"background-color: #e4e8ea;\">\n<td><span style=\"color: #537790;\"><strong>PH intimo<\/strong><\/span><\/td>\n<td style=\"text-align: center;\" width=\"18%\">0<\/td>\n<td style=\"text-align: center;\">3.8-4.2<u><\/u><u><\/u><\/td>\n<td style=\"text-align: center;\">Instabile<u><\/u><u><\/u><\/td>\n<td style=\"text-align: center;\">Instabile<u><\/u><u><\/u><\/td>\n<td style=\"text-align: center;\">6-7<\/td>\n<\/tr>\n<\/tbody>\n<\/table>\n<p>\u200b\u200b[\/vc_column_text][\/vc_column_inner][vc_column_inner column_padding=&#8221;no-extra-padding&#8221; column_padding_position=&#8221;all&#8221; background_color_opacity=&#8221;1&#8243; width=&#8221;1\/3&#8243;][\/vc_column_inner][\/vc_row_inner][\/vc_column][\/vc_row]\n<\/section>","protected":false},"excerpt":{"rendered":"<p>[vc_row type=&#8221;full_width_background&#8221; bg_image=&#8221;3964&#8243; bg_position=&#8221;center center&#8221; bg_repeat=&#8221;no-repeat&#8221; scene_position=&#8221;center&#8221; layer_one_image=&#8221;2518&#8243; layer_four_image=&#8221;2655&#8243; text_color=&#8221;light&#8221; text_align=&#8221;center&#8221; top_padding=&#8221;0&#8243; bottom_padding=&#8221;350&#8243;][vc_column column_padding=&#8221;no-extra-padding&#8221; column_padding_position=&#8221;all&#8221; background_color_opacity=&#8221;1&#8243; background_hover_color_opacity=&#8221;1&#8243; width=&#8221;1\/1&#8243;][\/vc_column][\/vc_row][vc_row type=&#8221;in_container&#8221; scene_position=&#8221;center&#8221; text_color=&#8221;dark&#8221; text_align=&#8221;left&#8221; top_padding=&#8221;40&#8243; bottom_padding=&#8221;40&#8243;][vc_column column_padding=&#8221;no-extra-padding&#8221; column_padding_position=&#8221;all&#8221; background_color_opacity=&#8221;1&#8243; background_hover_color_opacity=&#8221;1&#8243; width=&#8221;1\/1&#8243;][vc_column_text]Il Ph&#8230;<\/p>\n","protected":false},"author":1,"featured_media":0,"parent":0,"menu_order":0,"comment_status":"closed","ping_status":"closed","template":"","meta":[],"_links":{"self":[{"href":"http:\/\/www.floxea.com\/index.php\/wp-json\/wp\/v2\/pages\/3567"}],"collection":[{"href":"http:\/\/www.floxea.com\/index.php\/wp-json\/wp\/v2\/pages"}],"about":[{"href":"http:\/\/www.floxea.com\/index.php\/wp-json\/wp\/v2\/types\/page"}],"author":[{"embeddable":true,"href":"http:\/\/www.floxea.com\/index.php\/wp-json\/wp\/v2\/users\/1"}],"replies":[{"embeddable":true,"href":"http:\/\/www.floxea.com\/index.php\/wp-json\/wp\/v2\/comments?post=3567"}],"version-history":[{"count":40,"href":"http:\/\/www.floxea.com\/index.php\/wp-json\/wp\/v2\/pages\/3567\/revisions"}],"predecessor-version":[{"id":3990,"href":"http:\/\/www.floxea.com\/index.php\/wp-json\/wp\/v2\/pages\/3567\/revisions\/3990"}],"wp:attachment":[{"href":"http:\/\/www.floxea.com\/index.php\/wp-json\/wp\/v2\/media?parent=3567"}],"curies":[{"name":"wp","href":"https:\/\/api.w.org\/{rel}","templated":true}]}}